{"id":3380,"date":"2015-06-27T07:34:17","date_gmt":"2015-06-27T07:34:17","guid":{"rendered":"http:\/\/feira-cutelaria.pt\/fr\/home-alt-v2\/"},"modified":"2026-01-23T13:02:18","modified_gmt":"2026-01-23T13:02:18","slug":"home","status":"publish","type":"page","link":"https:\/\/feira-cutelaria.pt\/fr\/","title":{"rendered":"Home"},"content":{"rendered":"<p><section class=\"fw-main-row  \" style=\"\"  >\n\t<div class=\"fw-main-row-bg\" style=\" \" ><\/div>\n\t<div class=\"fw-main-row-overlay\" ><\/div>\n\t<div class=\"fw-container-fluid no-gutter\">\n\t\t<div class=\"fw-row\">\n\t<div class=\"fw-col-xs-12\">\n\t<div class=\"fw-col-inner\" style=\"color:;padding-top:px;padding-right:px;padding-bottom:px;padding-left:px;\">\n\t\t<div class=\"overlay\" style=\"background-color:;\"><\/div>\n\t\t<div class=\"fw-col-content\">\n\t\t\t\n<div class=\"ht-reslider\" style=\"position: relative; z-index: 1;\">\n\t<\/div>\t\t<\/div>\n\t<\/div>\n<\/div><\/div>\n\n\t<\/div>\n<\/section>\n<section class=\"fw-main-row  \" style=\"background-color:#ffffff;margin-top:-150px;\"  >\n\t<div class=\"fw-main-row-bg\" style=\" \" ><\/div>\n\t<div class=\"fw-main-row-overlay\" style=\"background-color:#ffffff;\"><\/div>\n\t<div class=\"fw-container \">\n\t\t<div class=\"fw-row\">\n\t<div class=\"fw-col-xs-12 fw-col-sm-4\">\n\t<div class=\"fw-col-inner\" style=\"color:;padding-top:px;padding-right:px;padding-bottom:px;padding-left:px;\">\n\t\t<div class=\"overlay\" style=\"background-color:;\"><\/div>\n\t\t<div class=\"fw-col-content\">\n\t\t\t<img loading=\"lazy\" decoding=\"async\" src=\"https:\/\/feira-cutelaria.pt\/wp-content\/uploads\/2022\/06\/exposi\u00e7ao-370x300-pb-370x300.jpg\" alt=\"https:\/\/feira-cutelaria.pt\/wp-content\/uploads\/2022\/06\/exposi\u00e7ao-370x300-pb-370x300.jpg\" width=\"370\" height=\"300\" \/><div class=\"ht-text-block\" style=\"font-size: 22px; padding: 0 5%;\">\n\t<\/div>\n\t<div class=\"fw-divider-space\" style=\"padding-top: 20px;\"><\/div>\n<div class=\"ht-text-block\" style=\"font-size: px; padding: 0 0;\">\n\t<div class=\"ht-text-block\"><p><em>La 5\u1d49 Exposition de Coutellerie Artisanale aura lieu du  <span style=\"font-style: normal;\"><strong>1\u1d49\u02b3 au 3 mai <\/strong>2026<\/span>, <span style=\"font-style: normal;\"> au Centre Culturel et des Congr\u00e8s de <strong>Caldas da Rainha<\/strong><\/span><strong>\u00a0<\/strong>au Portugal.<\/em><\/p><p>Cet \u00e9v\u00e9nement a pour objet la rencontre entre couteliers et amateurs de couteaux et aussi l\u2019\u00e9change de savoir-faire, ainsi que l\u2019exhibition aupr\u00e8s du public.<\/p><\/div><div class=\"fw-divider-space\"><\/div><\/div>\n\t<div class=\"fw-divider-space\" style=\"padding-top: 22px;\"><\/div>\n\n<div class=\"ht-buttons center\">\n\n\t\n\t\n\t\n\t\t\t<a href=\"http:\/\/feira-cutelaria.pt\/fr\/about\/\" target=\"_self\" class=\"ht-button border br-50\" style=\"color: #888888\">\n\t\t\t<span> SAVOIR PLUS<\/span>\n\t\t<\/a>\n\t<\/div>\n\t<div class=\"fw-divider-space\" style=\"padding-top: 15px;\"><\/div>\n\t\t<\/div>\n\t<\/div>\n<\/div><div class=\"fw-col-xs-12 fw-col-sm-4\">\n\t<div class=\"fw-col-inner\" style=\"color:;padding-top:px;padding-right:px;padding-bottom:px;padding-left:px;\">\n\t\t<div class=\"overlay\" style=\"background-color:;\"><\/div>\n\t\t<div class=\"fw-col-content\">\n\t\t\t<img loading=\"lazy\" decoding=\"async\" src=\"https:\/\/feira-cutelaria.pt\/wp-content\/uploads\/2022\/06\/lombodoferreiro-370x300-pb-370x300.jpg\" alt=\"https:\/\/feira-cutelaria.pt\/wp-content\/uploads\/2022\/06\/lombodoferreiro-370x300-pb-370x300.jpg\" width=\"370\" height=\"300\" \/><div class=\"ht-text-block\" style=\"font-size: 20px; padding: 0 0;\">\n\t<\/div>\n\t<div class=\"fw-divider-space\" style=\"padding-top: 20px;\"><\/div>\n<div class=\"ht-text-block\" style=\"font-size: px; padding: 0 0;\">\n\t<p>Pendant les\u00a03 jours du salon, le public aura le loisir de d\u00e9couvrir des pi\u00e8ces uniques en coutellerie de production nationale et internationale, de prendre contact directement avec les couteliers, de participer aux ateliers de <strong>\u201cmontage de ton couteau\u201d<\/strong> et assister \u00e0 la d\u00e9monstration d\u2019aff\u00fbtage de lame.<\/p><\/div>\n\t<div class=\"fw-divider-space\" style=\"padding-top: 20px;\"><\/div>\n\n\t<div class=\"fw-divider-space\" style=\"padding-top: 15px;\"><\/div>\n\n\t<div class=\"fw-divider-space\" style=\"padding-top: 15px;\"><\/div>\n\n<div class=\"ht-buttons center\">\n\n\t\n\t\n\t\n\t\t\t<a href=\"http:\/\/feira-cutelaria.pt\/fr\/programme\/\" target=\"_self\" class=\"ht-button border br-50\" style=\"color: #888888\">\n\t\t\t<span>PROGRAMME<\/span>\n\t\t<\/a>\n\t<\/div>\n\t<div class=\"fw-divider-space\" style=\"padding-top: 5px;\"><\/div>\n\t\t<\/div>\n\t<\/div>\n<\/div><div class=\"fw-col-xs-12 fw-col-sm-4\">\n\t<div class=\"fw-col-inner\" style=\"color:;padding-top:px;padding-right:px;padding-bottom:px;padding-left:px;\">\n\t\t<div class=\"overlay\" style=\"background-color:;\"><\/div>\n\t\t<div class=\"fw-col-content\">\n\t\t\t<img loading=\"lazy\" decoding=\"async\" src=\"https:\/\/feira-cutelaria.pt\/wp-content\/uploads\/2022\/06\/museu-militar-canhoes-370x300-pb-370x300.jpg\" alt=\"https:\/\/feira-cutelaria.pt\/wp-content\/uploads\/2022\/06\/museu-militar-canhoes-370x300-pb-370x300.jpg\" width=\"370\" height=\"300\" \/><div class=\"ht-text-block\" style=\"font-size: 20px; padding: 0 0;\">\n\t<\/div>\n\t<div class=\"fw-divider-space\" style=\"padding-top: 20px;\"><\/div>\n<div class=\"ht-text-block\" style=\"font-size: px; padding: 0 0;\">\n\t<div class=\"ht-text-block\"><p><strong>INSCRIPTION OUVERT POUR LES EXPOSANTS!<\/strong><\/p><p>Demandez le r\u00e8glement et le formulaire d'inscription respective <a href=\"http:\/\/feira-cutelaria.pt\/fr\/reservation\">o\u00fa<\/a>, ou contactez-nous par courriel \u00e0 <a href=\"mailto:geral@feira-cutelaria.pt\">geral@feira-cutelaria.pt<\/a>.<br \/>Ou appelez-nous au +351 262098585, de 9hoo \u00e0 19h00 en semaine.<\/p><\/div><div class=\"fw-divider-space\"><\/div><\/div>\n\t<div class=\"fw-divider-space\" style=\"padding-top: 20px;\"><\/div>\n\n\t<div class=\"fw-divider-space\" style=\"padding-top: 20px;\"><\/div>\n\n<div class=\"ht-buttons center\">\n\n\t\n\t\n\t\n\t\t\t<a href=\"http:\/\/feira-cutelaria.pt\/fr\/inscription\/\" target=\"_self\" class=\"ht-button border br-50\" style=\"color: #888888\">\n\t\t\t<span>INSCRIPTION<\/span>\n\t\t<\/a>\n\t<\/div>\n\t<div class=\"fw-divider-space\" style=\"padding-top: 15px;\"><\/div>\n\t\t<\/div>\n\t<\/div>\n<\/div><\/div>\n\n<div class=\"fw-row\">\n\t<div class=\"fw-col-xs-12\">\n\t<div class=\"fw-col-inner\" style=\"color:;padding-top:px;padding-right:px;padding-bottom:px;padding-left:px;\">\n\t\t<div class=\"overlay\" style=\"background-color:;\"><\/div>\n\t\t<div class=\"fw-col-content\">\n\t\t\t\n\t<div class=\"fw-divider-space\" style=\"padding-top: 30px;\"><\/div>\n\t\t<\/div>\n\t<\/div>\n<\/div><\/div>\n\n\t<\/div>\n<\/section>\n<section class=\"fw-main-row  \" style=\"padding-top:50px;\"  id=\"VISITAR\">\n\t<div class=\"fw-main-row-bg\" style=\" \" ><\/div>\n\t<div class=\"fw-main-row-overlay\" ><\/div>\n\t<div class=\"fw-container \">\n\t\t<div class=\"fw-row\">\n\t<div class=\"fw-col-xs-12 fw-col-sm-6\">\n\t<div class=\"fw-col-inner\" style=\"color:;padding-top:px;padding-right:px;padding-bottom:px;padding-left:px;\">\n\t\t<div class=\"overlay\" style=\"background-color:;\"><\/div>\n\t\t<div class=\"fw-col-content\">\n\t\t\t\n\t<div class=\"ht-images-grid\">\n\t\t<div class=\"entry-media\">\n\t\t\t<div class=\"ht-lightbox-gallery row\" data-child=\".image-wrapper\">\n\t\t\t\t\t\t\t\t<a href=\"https:\/\/feira-cutelaria.pt\/wp-content\/uploads\/2022\/06\/lixas_450x270-pb.jpg\" class=\"image-wrapper col-xs-6\">\n\t\t\t\t\t<div class=\"image-inner\">\n\t\t\t\t\t\t<img decoding=\"async\" src=\"https:\/\/feira-cutelaria.pt\/wp-content\/uploads\/2022\/06\/lixas_450x270-pb.jpg\" alt=\"\">\n\t\t\t\t\t<\/div>\n\t\t\t\t<\/a>\n\t\t\t\t\t\t\t\t<a href=\"https:\/\/feira-cutelaria.pt\/wp-content\/uploads\/2022\/06\/navalhas-270x210-pb.jpg\" class=\"image-wrapper col-xs-6\">\n\t\t\t\t\t<div class=\"image-inner\">\n\t\t\t\t\t\t<img decoding=\"async\" src=\"https:\/\/feira-cutelaria.pt\/wp-content\/uploads\/2022\/06\/navalhas-270x210-pb.jpg\" alt=\"\">\n\t\t\t\t\t<\/div>\n\t\t\t\t<\/a>\n\t\t\t\t\t\t\t\t<a href=\"https:\/\/feira-cutelaria.pt\/wp-content\/uploads\/2022\/06\/cane\u00e7as_270x210-pb.jpg\" class=\"image-wrapper col-xs-6\">\n\t\t\t\t\t<div class=\"image-inner\">\n\t\t\t\t\t\t<img decoding=\"async\" src=\"https:\/\/feira-cutelaria.pt\/wp-content\/uploads\/2022\/06\/cane\u00e7as_270x210-pb.jpg\" alt=\"\">\n\t\t\t\t\t<\/div>\n\t\t\t\t<\/a>\n\t\t\t\t\t\t\t<\/div>\n\t\t\t<!-- \/.row -->\n\t\t<\/div>\n\t\t<!-- \/.entry-media -->\n\t<\/div>\n\t<!-- \/.ht-feature-boxes -->\n\t\t<\/div>\n\t<\/div>\n<\/div><div class=\"fw-col-xs-12 fw-col-sm-6\">\n\t<div class=\"fw-col-inner\" style=\"color:;padding-top:px;padding-right:px;padding-bottom:px;padding-left:px;\">\n\t\t<div class=\"overlay\" style=\"background-color:;\"><\/div>\n\t\t<div class=\"fw-col-content\">\n\t\t\t\n<div class=\"ht-heading-group special\">\n\t<div class=\"entry-content text-center\">\n\t\t\t\t\t<h2 class=\"title special\" style=\"font-size: 25px;color: #c3917d;\"><span>VISITE<\/span><\/h2>\n\t\t\t\t\t\t\t<p class=\"tiny-subtitle\">LISTE DES EXPOSANTS<\/p>\n\t\t\n\t\t<div class=\"motif\"><i class=\"ht-motif cherry-motif\"><\/i><\/div>\n\t\t\t\t\t<\/div>\n\t<!-- \/.entry-content -->\n<\/div>\n<!-- \/.ht-feature-boxes --><div class=\"ht-text-block\" style=\"font-size: px; padding: 0 5%;\">\n\t<p>La curiosit\u00e9 du travail du fer a rapproch\u00e9 les g\u00e9n\u00e9rations, laissant na\u00eetre ces dix derni\u00e8res ann\u00e9es un nombre consid\u00e9rable de couteliers amateurs, avec l\u2019appui de nouvelles technologies d\u2019information et documentations.<br \/>Pendant les 2 jours du salon, le public aura le loisir de d\u00e9couvrir des pi\u00e8ces uniques en coutellerie de production nationale et internationale, de prendre contact directement avec les couteliers, de participer aux ateliers de <strong>\u201cmontage de ton couteau\u201d<\/strong> et assister \u00e0 la d\u00e9monstration d\u2019aff\u00fbtage de lame.<\/p><\/div>\n\t<div class=\"fw-divider-space\" style=\"padding-top: 50px;\"><\/div>\n\n<div class=\"ht-buttons center\">\n\n\t\n\t\t\t<a href=\"http:\/\/feira-cutelaria.pt\/fr\/exposants-2019\/\" target=\"_self\" class=\"ht-button solid br-50\" style=\"background: #c3917d\">\n\t\t\t<span>EXPOSANTS<\/span>\n\t\t<\/a>\n\t\n\t\n\t<\/div>\t\t<\/div>\n\t<\/div>\n<\/div><\/div>\n\n\t<\/div>\n<\/section>\n<section class=\"fw-main-row  \" style=\"padding-top:50px;\"  >\n\t<div class=\"fw-main-row-bg\" style=\" \" ><\/div>\n\t<div class=\"fw-main-row-overlay\" ><\/div>\n\t<div class=\"fw-container \">\n\t\t<div class=\"fw-row\">\n\t<div class=\"fw-col-xs-12 fw-col-sm-6\">\n\t<div class=\"fw-col-inner\" style=\"color:;padding-top:px;padding-right:px;padding-bottom:px;padding-left:px;\">\n\t\t<div class=\"overlay\" style=\"background-color:;\"><\/div>\n\t\t<div class=\"fw-col-content\">\n\t\t\t\n\t<div class=\"fw-divider-space\" style=\"padding-top: 50px;\"><\/div>\n\n<div class=\"ht-heading-group special\">\n\t<div class=\"entry-content text-center\">\n\t\t\t\t\t<h2 class=\"title special\" style=\"font-size: 25px;color: #c3917d;\"><span>EXPOS\u00c9S<\/span><\/h2>\n\t\t\t\t\t\t\t<p class=\"tiny-subtitle\">INSCRIPTIONS LIMITED<\/p>\n\t\t\n\t\t<div class=\"motif\"><i class=\"ht-motif cherry-motif\"><\/i><\/div>\n\t\t\t\t\t<\/div>\n\t<!-- \/.entry-content -->\n<\/div>\n<!-- \/.ht-feature-boxes --><div class=\"ht-text-block\" style=\"font-size: px; padding: 0 5%;\">\n\t<p style=\"text-align: center;\"><em>Cet \u00e9v\u00e9nement a pour objet la rencontre entre couteliers et amateurs de couteaux et aussi l\u2019\u00e9change de savoir-faire, ainsi que l\u2019exhibition aupr\u00e8s du public.<\/em><\/p><\/div>\n\t<div class=\"fw-divider-space\" style=\"padding-top: 50px;\"><\/div>\n\n<div class=\"ht-buttons center\">\n\n\t\n\t\t\t<a href=\"http:\/\/feira-cutelaria.pt\/fr\/inscription\/\" target=\"_self\" class=\"ht-button solid br-50\" style=\"background: #c3917d\">\n\t\t\t<span>INSCRIPTION<\/span>\n\t\t<\/a>\n\t\n\t\n\t<\/div>\t\t<\/div>\n\t<\/div>\n<\/div><div class=\"fw-col-xs-12 fw-col-sm-6\">\n\t<div class=\"fw-col-inner\" style=\"color:;padding-top:50px;padding-right:px;padding-bottom:px;padding-left:px;\">\n\t\t<div class=\"overlay\" style=\"background-color:;\"><\/div>\n\t\t<div class=\"fw-col-content\">\n\t\t\t\n\t<div class=\"ht-images-grid\">\n\t\t<div class=\"entry-media\">\n\t\t\t<div class=\"ht-lightbox-gallery row\" data-child=\".image-wrapper\">\n\t\t\t\t\t\t\t\t<a href=\"https:\/\/feira-cutelaria.pt\/wp-content\/uploads\/2015\/05\/570x450.jpg\" class=\"image-wrapper col-xs-12\">\n\t\t\t\t\t<div class=\"image-inner\">\n\t\t\t\t\t\t<img decoding=\"async\" src=\"https:\/\/feira-cutelaria.pt\/wp-content\/uploads\/2015\/05\/570x450.jpg\" alt=\"\">\n\t\t\t\t\t<\/div>\n\t\t\t\t<\/a>\n\t\t\t\t\t\t\t<\/div>\n\t\t\t<!-- \/.row -->\n\t\t<\/div>\n\t\t<!-- \/.entry-media -->\n\t<\/div>\n\t<!-- \/.ht-feature-boxes -->\n\t\t<\/div>\n\t<\/div>\n<\/div><\/div>\n\n\t<\/div>\n<\/section>\n<section class=\"fw-main-row  \" style=\"margin-top:50px;margin-bottom:50px;\"  >\n\t<div class=\"fw-main-row-bg\" style=\" \" ><\/div>\n\t<div class=\"fw-main-row-overlay\" ><\/div>\n\t<div class=\"fw-container \">\n\t\t<div class=\"fw-row\">\n\t<div class=\"fw-col-xs-12 fw-col-sm-6\">\n\t<div class=\"fw-col-inner\" style=\"color:;padding-top:px;padding-right:px;padding-bottom:px;padding-left:px;\">\n\t\t<div class=\"overlay\" style=\"background-color:;\"><\/div>\n\t\t<div class=\"fw-col-content\">\n\t\t\t\n\t<div class=\"fw-divider-space\" style=\"padding-top: 50px;\"><\/div>\n<div class=\"fw-map\" data-locations=\"[{&quot;title&quot;:&quot;&quot;,&quot;url&quot;:&quot;&quot;,&quot;thumb&quot;:false,&quot;coordinates&quot;:{&quot;lat&quot;:38.7129786,&quot;lng&quot;:-9.1244305},&quot;description&quot;:&quot;&quot;}]\" data-map-type=\"ROADMAP\" data-map-height=\"500\" data-gmap-key=\"AIzaSyCHHVNgsKHxoxyCamP0MzzZSR3KnBpjiIY\" data-disable-scrolling=\"\" >\n\t<div class=\"fw-map-canvas\"><\/div>\n<\/div>\t\t<\/div>\n\t<\/div>\n<\/div><div class=\"fw-col-xs-12 fw-col-sm-6\">\n\t<div class=\"fw-col-inner\" style=\"color:;padding-top:0px;padding-right:px;padding-bottom:px;padding-left:px;\">\n\t\t<div class=\"overlay\" style=\"background-color:;\"><\/div>\n\t\t<div class=\"fw-col-content\">\n\t\t\t\n<div class=\"ht-heading-group special\">\n\t<div class=\"entry-content text-center\">\n\t\t\t\t\t<h2 class=\"title special\" style=\"font-size: 25px;color: #c3917d;\"><span>COMMENT ARRIVER<\/span><\/h2>\n\t\t\t\t\n\t\t<div class=\"motif\"><i class=\"ht-motif cherry-motif\"><\/i><\/div>\n\t\t\t\t\t<\/div>\n\t<!-- \/.entry-content -->\n<\/div>\n<!-- \/.ht-feature-boxes --><div class=\"ht-text-block\" style=\"font-size: px; padding: 0 5%;\">\n\t<div class=\"ht-text-block\"><p><strong>Museu Militar de Lisboa<\/strong><\/p><p>Largo do Museu da Artilharia 51, 1100-366 Lisboa<\/p><p>Coordonn\u00e9es GPS: 38.712964, -9.124184<\/p><p>.<\/p><p><strong><u>Parking<\/u><em>:<\/em><\/strong><\/p><p>Direction Nord-est -\u00a0<strong>Parking Avenida Infante Dom Henrique<\/strong>, temps de marche 3\u00a0minutes.<\/p><p>Direction Sud-est - <strong>Santa Apol\u00f3nia Parking<\/strong>, temps de marche\u00a06 minutes.<\/p><p>&nbsp;<\/p><p><strong style=\"font-weight: bold !important;\"><u>Bus<\/u><em>:\u00a0<\/em><\/strong>9, 12, 25, 28, 35, 39, 46, 104, 105, 107<\/p><p>&nbsp;<\/p><p><strong><u>Train<\/u><em>:\u00a0<\/em><\/strong><strong>Gare Santa Apol\u00f3nia<\/strong>, temps de marche 2 minutes.<\/p><p>&nbsp;<\/p><p><strong style=\"font-weight: bold !important;\"><u>Metro<\/u><em>:\u00a0<\/em><\/strong><strong>Gare Santa Apol\u00f3nia<\/strong>, temps de marche 2\u00a0minutes.<\/p><p>&nbsp;<\/p><p><strong><u>Avion<i>:<\/i><\/u><\/strong><strong>\u00a0A\u00e9roport Humberto Delgado,<\/strong>\u00a0temps de trajet\u00a017 minutes en voiture.<\/p><\/div><\/div>\t\t<\/div>\n\t<\/div>\n<\/div><\/div>\n\n\t<\/div>\n<\/section>\n<section class=\"fw-main-row  \" style=\"margin-top:50px;margin-bottom:50px;\"  >\n\t<div class=\"fw-main-row-bg\" style=\" \" ><\/div>\n\t<div class=\"fw-main-row-overlay\" ><\/div>\n\t<div class=\"fw-container \">\n\t\t<div class=\"fw-row\">\n\t<div class=\"fw-col-xs-12\">\n\t<div class=\"fw-col-inner\" style=\"color:;padding-top:px;padding-right:px;padding-bottom:px;padding-left:px;\">\n\t\t<div class=\"overlay\" style=\"background-color:;\"><\/div>\n\t\t<div class=\"fw-col-content\">\n\t\t\t\n\t<div class=\"fw-divider-space\" style=\"padding-top: 50px;\"><\/div>\n<div class=\"ht-text-block\" style=\"font-size: px; padding: 0 0;\">\n\t<h1><strong>Les partenaires<\/strong><\/h1><\/div>\t<div class=\"fw-divider-line\"><hr\/><\/div>\n\n\n\t<div class=\"ht-images-grid\">\n\t\t<div class=\"entry-media\">\n\t\t\t<div class=\"ht-lightbox-gallery row\" data-child=\".image-wrapper\">\n\t\t\t\t\t\t\t\t<a href=\"https:\/\/feira-cutelaria.pt\/wp-content\/uploads\/2015\/06\/brasao-do-Museu-400.jpg\" class=\"image-wrapper col-xs-2\">\n\t\t\t\t\t<div class=\"image-inner\">\n\t\t\t\t\t\t<img decoding=\"async\" src=\"https:\/\/feira-cutelaria.pt\/wp-content\/uploads\/2015\/06\/brasao-do-Museu-400.jpg\" alt=\"\">\n\t\t\t\t\t<\/div>\n\t\t\t\t<\/a>\n\t\t\t\t\t\t\t\t<a href=\"https:\/\/feira-cutelaria.pt\/wp-content\/uploads\/2015\/06\/loja-das-facas-logo-480px.jpg\" class=\"image-wrapper col-xs-2\">\n\t\t\t\t\t<div class=\"image-inner\">\n\t\t\t\t\t\t<img decoding=\"async\" src=\"https:\/\/feira-cutelaria.pt\/wp-content\/uploads\/2015\/06\/loja-das-facas-logo-480px.jpg\" alt=\"\">\n\t\t\t\t\t<\/div>\n\t\t\t\t<\/a>\n\t\t\t\t\t\t\t\t<a href=\"https:\/\/feira-cutelaria.pt\/wp-content\/uploads\/2015\/06\/L-lombo-do-ferreiro-400.jpg\" class=\"image-wrapper col-xs-2\">\n\t\t\t\t\t<div class=\"image-inner\">\n\t\t\t\t\t\t<img decoding=\"async\" src=\"https:\/\/feira-cutelaria.pt\/wp-content\/uploads\/2015\/06\/L-lombo-do-ferreiro-400.jpg\" alt=\"\">\n\t\t\t\t\t<\/div>\n\t\t\t\t<\/a>\n\t\t\t\t\t\t\t\t<a href=\"https:\/\/feira-cutelaria.pt\/wp-content\/uploads\/2015\/06\/History_Logo_preto_480.jpg\" class=\"image-wrapper col-xs-2\">\n\t\t\t\t\t<div class=\"image-inner\">\n\t\t\t\t\t\t<img decoding=\"async\" src=\"https:\/\/feira-cutelaria.pt\/wp-content\/uploads\/2015\/06\/History_Logo_preto_480.jpg\" alt=\"\">\n\t\t\t\t\t<\/div>\n\t\t\t\t<\/a>\n\t\t\t\t\t\t\t\t<a href=\"https:\/\/feira-cutelaria.pt\/wp-content\/uploads\/2015\/06\/cutelarias_santa-catarina_benedita_480px.jpg\" class=\"image-wrapper col-xs-2\">\n\t\t\t\t\t<div class=\"image-inner\">\n\t\t\t\t\t\t<img decoding=\"async\" src=\"https:\/\/feira-cutelaria.pt\/wp-content\/uploads\/2015\/06\/cutelarias_santa-catarina_benedita_480px.jpg\" alt=\"\">\n\t\t\t\t\t<\/div>\n\t\t\t\t<\/a>\n\t\t\t\t\t\t\t\t<a href=\"https:\/\/feira-cutelaria.pt\/wp-content\/uploads\/2019\/08\/albacete.jpg\" class=\"image-wrapper col-xs-2\">\n\t\t\t\t\t<div class=\"image-inner\">\n\t\t\t\t\t\t<img decoding=\"async\" src=\"https:\/\/feira-cutelaria.pt\/wp-content\/uploads\/2019\/08\/albacete.jpg\" alt=\"\">\n\t\t\t\t\t<\/div>\n\t\t\t\t<\/a>\n\t\t\t\t\t\t\t<\/div>\n\t\t\t<!-- \/.row -->\n\t\t<\/div>\n\t\t<!-- \/.entry-media -->\n\t<\/div>\n\t<!-- \/.ht-feature-boxes -->\n\t\t<\/div>\n\t<\/div>\n<\/div><\/div>\n\n\t<\/div>\n<\/section>\n<\/p>\n","protected":false},"excerpt":{"rendered":"<p>La 5\u1d49 Exposition de Coutellerie Artisanale aura lieu du 1\u1d49\u02b3 au 3 mai 2026, au Centre Culturel et des Congr\u00e8s<\/p>\n","protected":false},"author":1,"featured_media":0,"parent":0,"menu_order":0,"comment_status":"open","ping_status":"closed","template":"","meta":{"_exactmetrics_skip_tracking":false,"_exactmetrics_sitenote_active":false,"_exactmetrics_sitenote_note":"","_exactmetrics_sitenote_category":0,"footnotes":""},"class_list":["post-3380","page","type-page","status-publish","hentry"],"_links":{"self":[{"href":"https:\/\/feira-cutelaria.pt\/fr\/wp-json\/wp\/v2\/pages\/3380","targetHints":{"allow":["GET"]}}],"collection":[{"href":"https:\/\/feira-cutelaria.pt\/fr\/wp-json\/wp\/v2\/pages"}],"about":[{"href":"https:\/\/feira-cutelaria.pt\/fr\/wp-json\/wp\/v2\/types\/page"}],"author":[{"embeddable":true,"href":"https:\/\/feira-cutelaria.pt\/fr\/wp-json\/wp\/v2\/users\/1"}],"replies":[{"embeddable":true,"href":"https:\/\/feira-cutelaria.pt\/fr\/wp-json\/wp\/v2\/comments?post=3380"}],"version-history":[{"count":80,"href":"https:\/\/feira-cutelaria.pt\/fr\/wp-json\/wp\/v2\/pages\/3380\/revisions"}],"predecessor-version":[{"id":11102,"href":"https:\/\/feira-cutelaria.pt\/fr\/wp-json\/wp\/v2\/pages\/3380\/revisions\/11102"}],"wp:attachment":[{"href":"https:\/\/feira-cutelaria.pt\/fr\/wp-json\/wp\/v2\/media?parent=3380"}],"curies":[{"name":"wp","href":"https:\/\/api.w.org\/{rel}","templated":true}]}}