{"id":3366,"date":"2015-05-21T09:53:21","date_gmt":"2015-05-21T09:53:21","guid":{"rendered":"http:\/\/feira-cutelaria.pt\/fr\/about\/"},"modified":"2026-01-16T01:14:10","modified_gmt":"2026-01-16T01:14:10","slug":"about","status":"publish","type":"page","link":"https:\/\/feira-cutelaria.pt\/fr\/about\/","title":{"rendered":"Sur"},"content":{"rendered":"<p><section class=\"fw-main-row  \" style=\"\"  >\n\t<div class=\"fw-main-row-bg\" style=\" \" ><\/div>\n\t<div class=\"fw-main-row-overlay\" ><\/div>\n\t<div class=\"fw-container-fluid no-gutter\">\n\t\t<div class=\"fw-row\">\n\t<div class=\"fw-col-xs-12\">\n\t<div class=\"fw-col-inner\" style=\"color:;padding-top:px;padding-right:px;padding-bottom:px;padding-left:px;\">\n\t\t<div class=\"overlay\" style=\"background-color:;\"><\/div>\n\t\t<div class=\"fw-col-content\">\n\t\t\t\n<div class=\"ht-reslider\" style=\"position: relative; z-index: 1;\">\n\t<\/div>\t\t<\/div>\n\t<\/div>\n<\/div><\/div>\n\n\t<\/div>\n<\/section>\n<section class=\"fw-main-row  \" style=\"margin-top:100px;margin-bottom:70px;\"  >\n\t<div class=\"fw-main-row-bg\" style=\" \" ><\/div>\n\t<div class=\"fw-main-row-overlay\" ><\/div>\n\t<div class=\"fw-container \">\n\t\t<div class=\"fw-row\">\n\t<div class=\"fw-col-xs-12 fw-col-sm-6\">\n\t<div class=\"fw-col-inner\" style=\"color:;padding-top:px;padding-right:px;padding-bottom:px;padding-left:px;\">\n\t\t<div class=\"overlay\" style=\"background-color:;\"><\/div>\n\t\t<div class=\"fw-col-content\">\n\t\t\t\n<div class=\"ht-heading-group special\">\n\t<div class=\"entry-content text-center\">\n\t\t\t\t\t<h2 class=\"title special\" style=\"font-size: 25px;color: #c3917d;\"><span>Sur<\/span><\/h2>\n\t\t\t\t\t\t\t<p class=\"tiny-subtitle\">EVERYTHING START FROM DREAMS<\/p>\n\t\t\n\t\t<div class=\"motif\"><i class=\"ht-motif cherry-motif\"><\/i><\/div>\n\t\t\t\t\t<\/div>\n\t<!-- \/.entry-content -->\n<\/div>\n<!-- \/.ht-feature-boxes --><div class=\"ht-text-block\" style=\"font-size: px; padding: 0 0;\">\n\t<p style=\"text-align: justify;\"><em>La 4\u00e8me salon de coutellerie artisanale aura lieu les <strong>8 au 9 octobre <\/strong> 2022, au au <strong>Mus\u00e9e Militaire de Lisbonne<\/strong><strong>\u00a0<\/strong>au Portugal.<\/em><\/p><p style=\"text-align: justify;\"><em>Cet \u00e9v\u00e9nement a pour objet la rencontre entre couteliers et amateurs de couteaux et aussi l\u2019\u00e9change de savoir-faire, ainsi que l\u2019exhibition aupr\u00e8s du public.<\/em><\/p><p style=\"text-align: justify;\"><em>La curiosit\u00e9 du travail du fer a rapproch\u00e9 les g\u00e9n\u00e9rations, laissant na\u00eetre ces dix derni\u00e8res ann\u00e9es un nombre consid\u00e9rable de couteliers amateurs, avec l\u2019appui de nouvelles technologies d\u2019information et documentations.<\/em><\/p><p style=\"text-align: justify;\"><em>Pendant les 2 jours du salon, le public aura le loisir de d\u00e9couvrir des pi\u00e8ces uniques en coutellerie de production nationale et internationale, de prendre contact directement avec les couteliers, de participer aux ateliers de \u201cmontage de ton couteau\u201d et assister \u00e0 la d\u00e9monstration d\u2019aff\u00fbtage de lame.<\/em><\/p><\/div>\t\t<\/div>\n\t<\/div>\n<\/div><div class=\"fw-col-xs-12 fw-col-sm-6\">\n\t<div class=\"fw-col-inner\" style=\"color:;padding-top:px;padding-right:px;padding-bottom:px;padding-left:px;\">\n\t\t<div class=\"overlay\" style=\"background-color:;\"><\/div>\n\t\t<div class=\"fw-col-content\">\n\t\t\t\n\n\t<div class=\"ht-images-grid\">\n\t\t<div class=\"entry-media\">\n\t\t\t<div class=\"ht-lightbox-gallery row\" data-child=\".image-wrapper\">\n\t\t\t\t\t\t\t\t<a href=\"https:\/\/feira-cutelaria.pt\/wp-content\/uploads\/2015\/05\/falcata572x301.jpg\" class=\"image-wrapper col-xs-12\">\n\t\t\t\t\t<div class=\"image-inner\">\n\t\t\t\t\t\t<img decoding=\"async\" src=\"https:\/\/feira-cutelaria.pt\/wp-content\/uploads\/2015\/05\/falcata572x301.jpg\" alt=\"\">\n\t\t\t\t\t<\/div>\n\t\t\t\t<\/a>\n\t\t\t\t\t\t\t\t<a href=\"https:\/\/feira-cutelaria.pt\/wp-content\/uploads\/2015\/05\/banner_570x150-2.jpg\" class=\"image-wrapper col-xs-12\">\n\t\t\t\t\t<div class=\"image-inner\">\n\t\t\t\t\t\t<img decoding=\"async\" src=\"https:\/\/feira-cutelaria.pt\/wp-content\/uploads\/2015\/05\/banner_570x150-2.jpg\" alt=\"\">\n\t\t\t\t\t<\/div>\n\t\t\t\t<\/a>\n\t\t\t\t\t\t\t<\/div>\n\t\t\t<!-- \/.row -->\n\t\t<\/div>\n\t\t<!-- \/.entry-media -->\n\t<\/div>\n\t<!-- \/.ht-feature-boxes -->\n\t\t<\/div>\n\t<\/div>\n<\/div><\/div>\n\n\t<\/div>\n<\/section>\n<\/p>\n","protected":false},"excerpt":{"rendered":"<p>Sur EVERYTHING START FROM DREAMS La 4\u00e8me salon de coutellerie artisanale aura lieu les 8 au 9 octobre 2022, au<\/p>\n","protected":false},"author":1,"featured_media":0,"parent":0,"menu_order":0,"comment_status":"open","ping_status":"open","template":"","meta":{"_exactmetrics_skip_tracking":false,"_exactmetrics_sitenote_active":false,"_exactmetrics_sitenote_note":"","_exactmetrics_sitenote_category":0,"footnotes":""},"class_list":["post-3366","page","type-page","status-publish","hentry"],"_links":{"self":[{"href":"https:\/\/feira-cutelaria.pt\/fr\/wp-json\/wp\/v2\/pages\/3366","targetHints":{"allow":["GET"]}}],"collection":[{"href":"https:\/\/feira-cutelaria.pt\/fr\/wp-json\/wp\/v2\/pages"}],"about":[{"href":"https:\/\/feira-cutelaria.pt\/fr\/wp-json\/wp\/v2\/types\/page"}],"author":[{"embeddable":true,"href":"https:\/\/feira-cutelaria.pt\/fr\/wp-json\/wp\/v2\/users\/1"}],"replies":[{"embeddable":true,"href":"https:\/\/feira-cutelaria.pt\/fr\/wp-json\/wp\/v2\/comments?post=3366"}],"version-history":[{"count":13,"href":"https:\/\/feira-cutelaria.pt\/fr\/wp-json\/wp\/v2\/pages\/3366\/revisions"}],"predecessor-version":[{"id":11063,"href":"https:\/\/feira-cutelaria.pt\/fr\/wp-json\/wp\/v2\/pages\/3366\/revisions\/11063"}],"wp:attachment":[{"href":"https:\/\/feira-cutelaria.pt\/fr\/wp-json\/wp\/v2\/media?parent=3366"}],"curies":[{"name":"wp","href":"https:\/\/api.w.org\/{rel}","templated":true}]}}