{"id":7427,"date":"2015-06-27T07:34:17","date_gmt":"2015-06-27T07:34:17","guid":{"rendered":"https:\/\/feira-cutelaria.pt\/es\/home\/"},"modified":"2026-01-23T13:03:54","modified_gmt":"2026-01-23T13:03:54","slug":"home","status":"publish","type":"page","link":"https:\/\/feira-cutelaria.pt\/es\/","title":{"rendered":"Home"},"content":{"rendered":"<p><section class=\"fw-main-row  \" style=\"\"  >\n\t<div class=\"fw-main-row-bg\" style=\" \" ><\/div>\n\t<div class=\"fw-main-row-overlay\" ><\/div>\n\t<div class=\"fw-container-fluid no-gutter\">\n\t\t<div class=\"fw-row\">\n\t<div class=\"fw-col-xs-12\">\n\t<div class=\"fw-col-inner\" style=\"color:;padding-top:px;padding-right:px;padding-bottom:px;padding-left:px;\">\n\t\t<div class=\"overlay\" style=\"background-color:;\"><\/div>\n\t\t<div class=\"fw-col-content\">\n\t\t\t\n<div class=\"ht-reslider\" style=\"position: relative; z-index: 1;\">\n\t<\/div>\t\t<\/div>\n\t<\/div>\n<\/div><\/div>\n\n\t<\/div>\n<\/section>\n<section class=\"fw-main-row  \" style=\"background-color:#ffffff;margin-top:-150px;\"  >\n\t<div class=\"fw-main-row-bg\" style=\" \" ><\/div>\n\t<div class=\"fw-main-row-overlay\" style=\"background-color:#ffffff;\"><\/div>\n\t<div class=\"fw-container \">\n\t\t<div class=\"fw-row\">\n\t<div class=\"fw-col-xs-12 fw-col-sm-4\">\n\t<div class=\"fw-col-inner\" style=\"color:;padding-top:px;padding-right:px;padding-bottom:px;padding-left:px;\">\n\t\t<div class=\"overlay\" style=\"background-color:;\"><\/div>\n\t\t<div class=\"fw-col-content\">\n\t\t\t<img loading=\"lazy\" decoding=\"async\" src=\"https:\/\/feira-cutelaria.pt\/wp-content\/uploads\/2022\/06\/exposi\u00e7ao-370x300-pb-370x300.jpg\" alt=\"https:\/\/feira-cutelaria.pt\/wp-content\/uploads\/2022\/06\/exposi\u00e7ao-370x300-pb-370x300.jpg\" width=\"370\" height=\"300\" \/><div class=\"ht-text-block\" style=\"font-size: 22px; padding: 0 5%;\">\n\t<\/div>\n\t<div class=\"fw-divider-space\" style=\"padding-top: 20px;\"><\/div>\n<div class=\"ht-text-block\" style=\"font-size: px; padding: 0 0;\">\n\t<p style=\"text-align: justify;\"><span class=\"tlid-translation translation\" lang=\"es\"><span class=\"\" title=\"\">La 5\u00aa Muestra de Cuchiller\u00eda Artesanal tendr\u00e1 lugar del <strong>1 al 3 de <em>mayo<\/em><\/strong>\u00a0de 2026, en el Centro Cultural y de Congresos de <strong>Caldas da Rainha<\/strong>, con entrada gratuita.<\/span><\/span><br \/><span class=\"\" title=\"\">Est\u00e1 destinado a ser un punto de encuentro entre productores, proveedores y aficionados al arte de la cuchiller\u00eda, en el intercambio de experiencias, exhibici\u00f3n de piezas \u00fanicas y difusi\u00f3n a la poblaci\u00f3n.<\/span><\/p><\/div>\n\t<div class=\"fw-divider-space\" style=\"padding-top: 22px;\"><\/div>\n\n<div class=\"ht-buttons center\">\n\n\t\n\t\n\t\n\t\t\t<a href=\"http:\/\/feira-cutelaria.pt\/about\" target=\"_self\" class=\"ht-button border br-50\" style=\"color: #888888\">\n\t\t\t<span>LEER M\u00c1S<\/span>\n\t\t<\/a>\n\t<\/div>\n\t<div class=\"fw-divider-space\" style=\"padding-top: 15px;\"><\/div>\n\t\t<\/div>\n\t<\/div>\n<\/div><div class=\"fw-col-xs-12 fw-col-sm-4\">\n\t<div class=\"fw-col-inner\" style=\"color:;padding-top:px;padding-right:px;padding-bottom:px;padding-left:px;\">\n\t\t<div class=\"overlay\" style=\"background-color:;\"><\/div>\n\t\t<div class=\"fw-col-content\">\n\t\t\t<img loading=\"lazy\" decoding=\"async\" src=\"https:\/\/feira-cutelaria.pt\/wp-content\/uploads\/2022\/06\/lombodoferreiro-370x300-pb-370x300.jpg\" alt=\"https:\/\/feira-cutelaria.pt\/wp-content\/uploads\/2022\/06\/lombodoferreiro-370x300-pb-370x300.jpg\" width=\"370\" height=\"300\" \/><div class=\"ht-text-block\" style=\"font-size: 20px; padding: 0 0;\">\n\t<\/div>\n\t<div class=\"fw-divider-space\" style=\"padding-top: 20px;\"><\/div>\n<div class=\"ht-text-block\" style=\"font-size: px; padding: 0 0;\">\n\t<p style=\"text-align: justify;\">D<span class=\"tlid-translation translation\" lang=\"es\"><span class=\"\" title=\"\">urante los 3 d\u00edas del evento, el p\u00fablico tendr\u00e1 la oportunidad de disfrutar de piezas \u00fanicas de cubiertos de producci\u00f3n nacional e internacional, contactar directamente con sus productores, participar en talleres \"<strong>Construye tu propia navaja<\/strong>\" y ver la demostraci\u00f3n del proceso de afilado de una cuchilla.<\/span><\/span><\/p><p style=\"text-align: center;\"><\/div>\n\t<div class=\"fw-divider-space\" style=\"padding-top: 30px;\"><\/div>\n\n<div class=\"ht-buttons center\">\n\n\t\n\t\n\t\n\t\t\t<a href=\"http:\/\/feira-cutelaria.pt\/programa\" target=\"_self\" class=\"ht-button border br-50\" style=\"color: #888888\">\n\t\t\t<span>PROGRAMA<\/span>\n\t\t<\/a>\n\t<\/div>\n\t<div class=\"fw-divider-space\" style=\"padding-top: 5px;\"><\/div>\n\t\t<\/div>\n\t<\/div>\n<\/div><div class=\"fw-col-xs-12 fw-col-sm-4\">\n\t<div class=\"fw-col-inner\" style=\"color:;padding-top:px;padding-right:px;padding-bottom:px;padding-left:px;\">\n\t\t<div class=\"overlay\" style=\"background-color:;\"><\/div>\n\t\t<div class=\"fw-col-content\">\n\t\t\t<img loading=\"lazy\" decoding=\"async\" src=\"https:\/\/feira-cutelaria.pt\/wp-content\/uploads\/2022\/06\/museu-militar-canhoes-370x300-pb-370x300.jpg\" alt=\"https:\/\/feira-cutelaria.pt\/wp-content\/uploads\/2022\/06\/museu-militar-canhoes-370x300-pb-370x300.jpg\" width=\"370\" height=\"300\" \/><div class=\"ht-text-block\" style=\"font-size: 20px; padding: 0 0;\">\n\t<\/div>\n\t<div class=\"fw-divider-space\" style=\"padding-top: 20px;\"><\/div>\n<div class=\"ht-text-block\" style=\"font-size: px; padding: 0 0;\">\n\t<div class=\"result-shield-container tlid-copy-target\" tabindex=\"0\"><p><span class=\"tlid-translation translation\" lang=\"es\"><strong><span class=\"\" title=\"\">\u00a1INSCRIPCIONES ABIERTAS PARA EXPOSITORES!<\/span><\/strong><\/span><\/p><p><span class=\"\" title=\"\">Solicite las reglas y el formulario de registro <a href=\"https:\/\/feira-cutelaria.pt\/es\/expor\/\" target=\"_blank\" rel=\"noopener\">aqu\u00ed<\/a>, o cont\u00e1ctenos por correo electr\u00f3nico a <a href=\"mailto:geral@feira-cutelaria.pt\">geral@feira-cutelaria.pt<\/a>.<\/span><\/p><p><span class=\"\" title=\"\">O ll\u00e1menos al +351 262098585 de 9h00 a 19h00 de lunes a viernes.<\/span><\/p><\/div><\/div>\n\t<div class=\"fw-divider-space\" style=\"padding-top: 40px;\"><\/div>\n\n<div class=\"ht-buttons center\">\n\n\t\n\t\n\t\n\t\t\t<a href=\"http:\/\/feira-cutelaria.pt\/expor\/\" target=\"_self\" class=\"ht-button border br-50\" style=\"color: #888888\">\n\t\t\t<span>EXPONER<\/span>\n\t\t<\/a>\n\t<\/div>\n\t<div class=\"fw-divider-space\" style=\"padding-top: 15px;\"><\/div>\n\t\t<\/div>\n\t<\/div>\n<\/div><\/div>\n\n<div class=\"fw-row\">\n\t<div class=\"fw-col-xs-12\">\n\t<div class=\"fw-col-inner\" style=\"color:;padding-top:px;padding-right:px;padding-bottom:px;padding-left:px;\">\n\t\t<div class=\"overlay\" style=\"background-color:;\"><\/div>\n\t\t<div class=\"fw-col-content\">\n\t\t\t\n\t<div class=\"fw-divider-space\" style=\"padding-top: 30px;\"><\/div>\n\t\t<\/div>\n\t<\/div>\n<\/div><\/div>\n\n\t<\/div>\n<\/section>\n<section class=\"fw-main-row  \" style=\"padding-top:50px;\"  id=\"VISITAR\">\n\t<div class=\"fw-main-row-bg\" style=\" \" ><\/div>\n\t<div class=\"fw-main-row-overlay\" ><\/div>\n\t<div class=\"fw-container \">\n\t\t<div class=\"fw-row\">\n\t<div class=\"fw-col-xs-12 fw-col-sm-6\">\n\t<div class=\"fw-col-inner\" style=\"color:;padding-top:px;padding-right:px;padding-bottom:px;padding-left:px;\">\n\t\t<div class=\"overlay\" style=\"background-color:;\"><\/div>\n\t\t<div class=\"fw-col-content\">\n\t\t\t\n\t<div class=\"ht-images-grid\">\n\t\t<div class=\"entry-media\">\n\t\t\t<div class=\"ht-lightbox-gallery row\" data-child=\".image-wrapper\">\n\t\t\t\t\t\t\t\t<a href=\"https:\/\/feira-cutelaria.pt\/wp-content\/uploads\/2022\/06\/lixas_450x270-pb.jpg\" class=\"image-wrapper col-xs-6\">\n\t\t\t\t\t<div class=\"image-inner\">\n\t\t\t\t\t\t<img decoding=\"async\" src=\"https:\/\/feira-cutelaria.pt\/wp-content\/uploads\/2022\/06\/lixas_450x270-pb.jpg\" alt=\"\">\n\t\t\t\t\t<\/div>\n\t\t\t\t<\/a>\n\t\t\t\t\t\t\t\t<a href=\"https:\/\/feira-cutelaria.pt\/wp-content\/uploads\/2022\/06\/navalhas-270x210-pb.jpg\" class=\"image-wrapper col-xs-6\">\n\t\t\t\t\t<div class=\"image-inner\">\n\t\t\t\t\t\t<img decoding=\"async\" src=\"https:\/\/feira-cutelaria.pt\/wp-content\/uploads\/2022\/06\/navalhas-270x210-pb.jpg\" alt=\"\">\n\t\t\t\t\t<\/div>\n\t\t\t\t<\/a>\n\t\t\t\t\t\t\t\t<a href=\"https:\/\/feira-cutelaria.pt\/wp-content\/uploads\/2022\/06\/cane\u00e7as_270x210-pb.jpg\" class=\"image-wrapper col-xs-6\">\n\t\t\t\t\t<div class=\"image-inner\">\n\t\t\t\t\t\t<img decoding=\"async\" src=\"https:\/\/feira-cutelaria.pt\/wp-content\/uploads\/2022\/06\/cane\u00e7as_270x210-pb.jpg\" alt=\"\">\n\t\t\t\t\t<\/div>\n\t\t\t\t<\/a>\n\t\t\t\t\t\t\t<\/div>\n\t\t\t<!-- \/.row -->\n\t\t<\/div>\n\t\t<!-- \/.entry-media -->\n\t<\/div>\n\t<!-- \/.ht-feature-boxes -->\n\t\t<\/div>\n\t<\/div>\n<\/div><div class=\"fw-col-xs-12 fw-col-sm-6\">\n\t<div class=\"fw-col-inner\" style=\"color:;padding-top:px;padding-right:px;padding-bottom:px;padding-left:px;\">\n\t\t<div class=\"overlay\" style=\"background-color:;\"><\/div>\n\t\t<div class=\"fw-col-content\">\n\t\t\t\n<div class=\"ht-heading-group special\">\n\t<div class=\"entry-content text-center\">\n\t\t\t\t\t<h2 class=\"title special\" style=\"font-size: 25px;color: #c3917d;\"><span>VISITA<\/span><\/h2>\n\t\t\t\t\t\t\t<p class=\"tiny-subtitle\">LISTA DE EXPOSITORES<\/p>\n\t\t\n\t\t<div class=\"motif\"><i class=\"ht-motif cherry-motif\"><\/i><\/div>\n\t\t\t\t\t<\/div>\n\t<!-- \/.entry-content -->\n<\/div>\n<!-- \/.ht-feature-boxes --><div class=\"ht-text-block\" style=\"font-size: px; padding: 0 5%;\">\n\t<p style=\"text-align: center;\"><span class=\"tlid-translation translation\" lang=\"es\"><span class=\"\" title=\"\">La curiosidad sobre el arte del trabajo del hierro ha reunido a generaciones, y en la \u00faltima d\u00e9cada han surgido un n\u00famero considerable de productores de cuchiller\u00eda locales, respaldados por la evoluci\u00f3n de la tecnolog\u00eda de la informaci\u00f3n.<\/span><br \/><span class=\"\" title=\"\">Durante los 2 d\u00edas del evento, el p\u00fablico tendr\u00e1 la oportunidad de disfrutar de piezas \u00fanicas de cubiertos de producci\u00f3n nacional e internacional, contactar directamente con sus productores, participar en talleres \"Construye tu propia navaja de afeitar\" y ver la demostraci\u00f3n del proceso de afilado de una cuchilla.<\/span><\/span><\/p><\/div>\n\t<div class=\"fw-divider-space\" style=\"padding-top: 50px;\"><\/div>\n\n<div class=\"ht-buttons center\">\n\n\t\n\t\t\t<a href=\"http:\/\/feira-cutelaria.pt\/expositores-2019\/\" target=\"_self\" class=\"ht-button solid br-50\" style=\"background: #c3917d\">\n\t\t\t<span>EXPOSITORES<\/span>\n\t\t<\/a>\n\t\n\t\n\t<\/div>\t\t<\/div>\n\t<\/div>\n<\/div><\/div>\n\n\t<\/div>\n<\/section>\n<section class=\"fw-main-row  \" style=\"padding-top:50px;\"  >\n\t<div class=\"fw-main-row-bg\" style=\" \" ><\/div>\n\t<div class=\"fw-main-row-overlay\" ><\/div>\n\t<div class=\"fw-container \">\n\t\t<div class=\"fw-row\">\n\t<div class=\"fw-col-xs-12 fw-col-sm-6\">\n\t<div class=\"fw-col-inner\" style=\"color:;padding-top:px;padding-right:px;padding-bottom:px;padding-left:px;\">\n\t\t<div class=\"overlay\" style=\"background-color:;\"><\/div>\n\t\t<div class=\"fw-col-content\">\n\t\t\t\n\t<div class=\"fw-divider-space\" style=\"padding-top: 50px;\"><\/div>\n\n<div class=\"ht-heading-group special\">\n\t<div class=\"entry-content text-center\">\n\t\t\t\t\t<h2 class=\"title special\" style=\"font-size: 25px;color: #c3917d;\"><span>EXPONER<\/span><\/h2>\n\t\t\t\t\t\t\t<p class=\"tiny-subtitle\">LUGARES LIMITADOS<\/p>\n\t\t\n\t\t<div class=\"motif\"><i class=\"ht-motif cherry-motif\"><\/i><\/div>\n\t\t\t\t\t<\/div>\n\t<!-- \/.entry-content -->\n<\/div>\n<!-- \/.ht-feature-boxes --><div class=\"ht-text-block\" style=\"font-size: px; padding: 0 5%;\">\n\t<p style=\"text-align: center;\"><span class=\"tlid-translation translation\" lang=\"es\"><span class=\"\" title=\"\">Est\u00e1 destinado a ser un punto de encuentro entre productores, proveedores y aficionados al arte de la cuchiller\u00eda, en el intercambio de experiencias, exhibici\u00f3n de piezas \u00fanicas y difusi\u00f3n a la poblaci\u00f3n.<\/span><\/span><\/p><\/div>\n\t<div class=\"fw-divider-space\" style=\"padding-top: 50px;\"><\/div>\n\n<div class=\"ht-buttons center\">\n\n\t\n\t\t\t<a href=\"http:\/\/feira-cutelaria.pt\/expor\" target=\"_self\" class=\"ht-button solid br-50\" style=\"background: #c3917d\">\n\t\t\t<span>INSCRIPCION<\/span>\n\t\t<\/a>\n\t\n\t\n\t<\/div>\t\t<\/div>\n\t<\/div>\n<\/div><div class=\"fw-col-xs-12 fw-col-sm-6\">\n\t<div class=\"fw-col-inner\" style=\"color:;padding-top:50px;padding-right:px;padding-bottom:px;padding-left:px;\">\n\t\t<div class=\"overlay\" style=\"background-color:;\"><\/div>\n\t\t<div class=\"fw-col-content\">\n\t\t\t\n\t<div class=\"ht-images-grid\">\n\t\t<div class=\"entry-media\">\n\t\t\t<div class=\"ht-lightbox-gallery row\" data-child=\".image-wrapper\">\n\t\t\t\t\t\t\t\t<a href=\"https:\/\/feira-cutelaria.pt\/wp-content\/uploads\/2015\/05\/570x450.jpg\" class=\"image-wrapper col-xs-12\">\n\t\t\t\t\t<div class=\"image-inner\">\n\t\t\t\t\t\t<img decoding=\"async\" src=\"https:\/\/feira-cutelaria.pt\/wp-content\/uploads\/2015\/05\/570x450.jpg\" alt=\"\">\n\t\t\t\t\t<\/div>\n\t\t\t\t<\/a>\n\t\t\t\t\t\t\t<\/div>\n\t\t\t<!-- \/.row -->\n\t\t<\/div>\n\t\t<!-- \/.entry-media -->\n\t<\/div>\n\t<!-- \/.ht-feature-boxes -->\n\t\t<\/div>\n\t<\/div>\n<\/div><\/div>\n\n\t<\/div>\n<\/section>\n<section class=\"fw-main-row  \" style=\"margin-top:50px;margin-bottom:50px;\"  >\n\t<div class=\"fw-main-row-bg\" style=\" \" ><\/div>\n\t<div class=\"fw-main-row-overlay\" ><\/div>\n\t<div class=\"fw-container \">\n\t\t<div class=\"fw-row\">\n\t<div class=\"fw-col-xs-12 fw-col-sm-6\">\n\t<div class=\"fw-col-inner\" style=\"color:;padding-top:px;padding-right:px;padding-bottom:px;padding-left:px;\">\n\t\t<div class=\"overlay\" style=\"background-color:;\"><\/div>\n\t\t<div class=\"fw-col-content\">\n\t\t\t\n\t<div class=\"fw-divider-space\" style=\"padding-top: 50px;\"><\/div>\n<div class=\"fw-map\" data-locations=\"[{&quot;title&quot;:&quot;&quot;,&quot;url&quot;:&quot;&quot;,&quot;thumb&quot;:false,&quot;coordinates&quot;:{&quot;lat&quot;:38.7129786,&quot;lng&quot;:-9.1244305},&quot;description&quot;:&quot;&quot;}]\" data-map-type=\"ROADMAP\" data-map-height=\"500\" data-gmap-key=\"AIzaSyCHHVNgsKHxoxyCamP0MzzZSR3KnBpjiIY\" data-disable-scrolling=\"\" >\n\t<div class=\"fw-map-canvas\"><\/div>\n<\/div>\t\t<\/div>\n\t<\/div>\n<\/div><div class=\"fw-col-xs-12 fw-col-sm-6\">\n\t<div class=\"fw-col-inner\" style=\"color:;padding-top:0px;padding-right:px;padding-bottom:px;padding-left:px;\">\n\t\t<div class=\"overlay\" style=\"background-color:;\"><\/div>\n\t\t<div class=\"fw-col-content\">\n\t\t\t\n<div class=\"ht-heading-group special\">\n\t<div class=\"entry-content text-center\">\n\t\t\t\t\t<h2 class=\"title special\" style=\"font-size: 25px;color: #c3917d;\"><span>COMO LLEGAR<\/span><\/h2>\n\t\t\t\t\n\t\t<div class=\"motif\"><i class=\"ht-motif cherry-motif\"><\/i><\/div>\n\t\t\t\t\t<\/div>\n\t<!-- \/.entry-content -->\n<\/div>\n<!-- \/.ht-feature-boxes --><div class=\"ht-text-block\" style=\"font-size: px; padding: 0 5%;\">\n\t<div class=\"text-wrap tlid-copy-target\"><div class=\"result-shield-container tlid-copy-target\" tabindex=\"0\"><p><span class=\"tlid-translation translation\" lang=\"es\"><strong><span class=\"\" title=\"\">Museo Militar de Lisboa<\/span><\/strong><\/span><\/p><p><span class=\"\" title=\"\">Largo do Museu da Artilharia 51, 1100-366 Lisboa<\/span><\/p><p><span title=\"\">Coordenadas GPS: 38.712964, -9.124184<\/span><\/p><p>&nbsp;<\/p><p><strong><span title=\"\">Estacionamiento:<\/span><\/strong><\/p><p><span title=\"\">Direcci\u00f3n Noreste - <strong>Estacionamiento Parking<\/strong> Avenida Infante Dom Henrique, 3 minutos a pie.<\/span><\/p><p>&nbsp;<\/p><p><span title=\"\">Direcci\u00f3n Suroeste - <strong>Estacionamiento Santa Apol\u00f3nia<\/strong>, a 6 minutos a pie.<\/span><\/p><p>&nbsp;<\/p><p><span title=\"\"><strong>Autob\u00fas:<\/strong> 9, 12, 25, 28, 35, 39, 46, 104, 105, 107<\/span><\/p><\/div><div tabindex=\"0\"><\/div><div class=\"result-shield-container tlid-copy-target\" tabindex=\"0\"><p><span class=\"tlid-translation translation\" lang=\"es\"><br \/><span title=\"\"><strong>Tren:<\/strong> estaci\u00f3n de Santa Apol\u00f3nia, a 2 minutos a pie.<\/span><\/span><\/p><p>&nbsp;<\/p><p><span title=\"\"><strong>Metro:<\/strong> estaci\u00f3n Santa Apol\u00f3nia, a 2 minutos a pie.<\/span><\/p><p>&nbsp;<\/p><p><span title=\"\"><strong>Avi\u00f3n:<\/strong> Aeropuerto Humberto Delgado, a 17 minutos en auto.<\/span><\/p><\/div><\/div><\/div>\t\t<\/div>\n\t<\/div>\n<\/div><\/div>\n\n\t<\/div>\n<\/section>\n<section class=\"fw-main-row  \" style=\"margin-top:50px;margin-bottom:50px;\"  >\n\t<div class=\"fw-main-row-bg\" style=\" \" ><\/div>\n\t<div class=\"fw-main-row-overlay\" ><\/div>\n\t<div class=\"fw-container \">\n\t\t<div class=\"fw-row\">\n\t<div class=\"fw-col-xs-12\">\n\t<div class=\"fw-col-inner\" style=\"color:;padding-top:px;padding-right:px;padding-bottom:px;padding-left:px;\">\n\t\t<div class=\"overlay\" style=\"background-color:;\"><\/div>\n\t\t<div class=\"fw-col-content\">\n\t\t\t\n\t<div class=\"fw-divider-space\" style=\"padding-top: 50px;\"><\/div>\n<div class=\"ht-text-block\" style=\"font-size: px; padding: 0 0;\">\n\t<h1><strong><span class=\"tlid-translation translation\" lang=\"es\"><span class=\"\" title=\"\">Socios<\/span><\/span><\/strong><\/h1><\/div>\t<div class=\"fw-divider-line\"><hr\/><\/div>\n\n\n\t<div class=\"ht-images-grid\">\n\t\t<div class=\"entry-media\">\n\t\t\t<div class=\"ht-lightbox-gallery row\" data-child=\".image-wrapper\">\n\t\t\t\t\t\t\t\t<a href=\"https:\/\/feira-cutelaria.pt\/wp-content\/uploads\/2015\/06\/brasao-do-Museu-400.jpg\" class=\"image-wrapper col-xs-2\">\n\t\t\t\t\t<div class=\"image-inner\">\n\t\t\t\t\t\t<img decoding=\"async\" src=\"https:\/\/feira-cutelaria.pt\/wp-content\/uploads\/2015\/06\/brasao-do-Museu-400.jpg\" alt=\"\">\n\t\t\t\t\t<\/div>\n\t\t\t\t<\/a>\n\t\t\t\t\t\t\t\t<a href=\"https:\/\/feira-cutelaria.pt\/wp-content\/uploads\/2015\/05\/loja-das-facas-logo-branco-480px.jpg\" class=\"image-wrapper col-xs-2\">\n\t\t\t\t\t<div class=\"image-inner\">\n\t\t\t\t\t\t<img decoding=\"async\" src=\"https:\/\/feira-cutelaria.pt\/wp-content\/uploads\/2015\/05\/loja-das-facas-logo-branco-480px.jpg\" alt=\"\">\n\t\t\t\t\t<\/div>\n\t\t\t\t<\/a>\n\t\t\t\t\t\t\t\t<a href=\"https:\/\/feira-cutelaria.pt\/wp-content\/uploads\/2015\/06\/L-lombo-do-ferreiro-400.jpg\" class=\"image-wrapper col-xs-2\">\n\t\t\t\t\t<div class=\"image-inner\">\n\t\t\t\t\t\t<img decoding=\"async\" src=\"https:\/\/feira-cutelaria.pt\/wp-content\/uploads\/2015\/06\/L-lombo-do-ferreiro-400.jpg\" alt=\"\">\n\t\t\t\t\t<\/div>\n\t\t\t\t<\/a>\n\t\t\t\t\t\t\t\t<a href=\"https:\/\/feira-cutelaria.pt\/wp-content\/uploads\/2015\/06\/History_Logo_preto_480.jpg\" class=\"image-wrapper col-xs-2\">\n\t\t\t\t\t<div class=\"image-inner\">\n\t\t\t\t\t\t<img decoding=\"async\" src=\"https:\/\/feira-cutelaria.pt\/wp-content\/uploads\/2015\/06\/History_Logo_preto_480.jpg\" alt=\"\">\n\t\t\t\t\t<\/div>\n\t\t\t\t<\/a>\n\t\t\t\t\t\t\t\t<a href=\"https:\/\/feira-cutelaria.pt\/wp-content\/uploads\/2015\/06\/cutelarias_santa-catarina_benedita_480px.jpg\" class=\"image-wrapper col-xs-2\">\n\t\t\t\t\t<div class=\"image-inner\">\n\t\t\t\t\t\t<img decoding=\"async\" src=\"https:\/\/feira-cutelaria.pt\/wp-content\/uploads\/2015\/06\/cutelarias_santa-catarina_benedita_480px.jpg\" alt=\"\">\n\t\t\t\t\t<\/div>\n\t\t\t\t<\/a>\n\t\t\t\t\t\t\t\t<a href=\"https:\/\/feira-cutelaria.pt\/wp-content\/uploads\/2019\/08\/albacete.jpg\" class=\"image-wrapper col-xs-2\">\n\t\t\t\t\t<div class=\"image-inner\">\n\t\t\t\t\t\t<img decoding=\"async\" src=\"https:\/\/feira-cutelaria.pt\/wp-content\/uploads\/2019\/08\/albacete.jpg\" alt=\"\">\n\t\t\t\t\t<\/div>\n\t\t\t\t<\/a>\n\t\t\t\t\t\t\t<\/div>\n\t\t\t<!-- \/.row -->\n\t\t<\/div>\n\t\t<!-- \/.entry-media -->\n\t<\/div>\n\t<!-- \/.ht-feature-boxes -->\n\t\t<\/div>\n\t<\/div>\n<\/div><\/div>\n\n\t<\/div>\n<\/section>\n<\/p>\n","protected":false},"excerpt":{"rendered":"<p>La 5\u00aa Muestra de Cuchiller\u00eda Artesanal tendr\u00e1 lugar del 1 al 3 de mayo\u00a0de 2026, en el Centro Cultural y<\/p>\n","protected":false},"author":1,"featured_media":0,"parent":0,"menu_order":0,"comment_status":"open","ping_status":"closed","template":"","meta":{"_exactmetrics_skip_tracking":false,"_exactmetrics_sitenote_active":false,"_exactmetrics_sitenote_note":"","_exactmetrics_sitenote_category":0,"footnotes":""},"class_list":["post-7427","page","type-page","status-publish","hentry"],"_links":{"self":[{"href":"https:\/\/feira-cutelaria.pt\/es\/wp-json\/wp\/v2\/pages\/7427","targetHints":{"allow":["GET"]}}],"collection":[{"href":"https:\/\/feira-cutelaria.pt\/es\/wp-json\/wp\/v2\/pages"}],"about":[{"href":"https:\/\/feira-cutelaria.pt\/es\/wp-json\/wp\/v2\/types\/page"}],"author":[{"embeddable":true,"href":"https:\/\/feira-cutelaria.pt\/es\/wp-json\/wp\/v2\/users\/1"}],"replies":[{"embeddable":true,"href":"https:\/\/feira-cutelaria.pt\/es\/wp-json\/wp\/v2\/comments?post=7427"}],"version-history":[{"count":26,"href":"https:\/\/feira-cutelaria.pt\/es\/wp-json\/wp\/v2\/pages\/7427\/revisions"}],"predecessor-version":[{"id":11104,"href":"https:\/\/feira-cutelaria.pt\/es\/wp-json\/wp\/v2\/pages\/7427\/revisions\/11104"}],"wp:attachment":[{"href":"https:\/\/feira-cutelaria.pt\/es\/wp-json\/wp\/v2\/media?parent=7427"}],"curies":[{"name":"wp","href":"https:\/\/api.w.org\/{rel}","templated":true}]}}